{"id":1755,"date":"2024-08-24T17:48:36","date_gmt":"2024-08-24T22:48:36","guid":{"rendered":"http:\/\/chatwithyourpet.net\/?page_id=1755\/"},"modified":"2024-08-24T17:50:01","modified_gmt":"2024-08-24T22:50:01","slug":"ancestrale-heilung","status":"publish","type":"page","link":"https:\/\/chatwithyourpet.net\/de\/ancestrale-heilung\/","title":{"rendered":"Ancestrale Heilung"},"content":{"rendered":"<h2 style=\"text-align: center;\"><span style=\"color: #000080;\"><strong>Mein Weg mit der Ancestralen Medizin und der Spirituellen Verbindung<\/strong><\/span><\/h2>\n<p><span style=\"color: #000080;\"><img decoding=\"async\" class=\"scale-with-grid aligncenter\" src=\"http:\/\/chatwithyourpet.net\/wp-content\/uploads\/2017\/06\/separador.png\" alt=\"\" \/><\/span><\/p>\n<p>&nbsp;<\/p>\n<h5><span style=\"color: #000080;\"><strong>Kommunikation mit Tieren und Spirituelles Erwachen<\/strong><\/span><\/h5>\n<p><span style=\"color: #000080;\">Mit Tieren zu kommunizieren hat nicht nur mein Herz ge\u00f6ffnet, um mit ihnen zu sprechen, sondern mich auch auf den Weg zur Spiritualit\u00e4t gef\u00fchrt. Als ich von Michael Harner h\u00f6rte, einem Anthropologen, der das Konzept des Neoschamanismus in die westliche Welt einf\u00fchrte, wurde meine Neugier weiter geweckt. Sein Buch <em>Der Weg des Schamanen<\/em> beschrieb seine Erfahrung mit Ayahuasca und fesselte meine Aufmerksamkeit tief. Ich begann, mehr \u00fcber diese heilige Pflanze und den Schamanismus zu recherchieren, und 2019 hatte ich meine erste Erfahrung mit Ayahuasca in Kolumbien.<\/span><\/p>\n<h5><span style=\"color: #000080;\"><strong><img loading=\"lazy\" decoding=\"async\" class=\"size-thumbnail wp-image-1718 alignleft\" src=\"http:\/\/chatwithyourpet.net\/wp-content\/uploads\/2024\/08\/Banisteriopsis-caapi-150x150.jpg\" alt=\"\" width=\"150\" height=\"150\" srcset=\"https:\/\/chatwithyourpet.net\/wp-content\/uploads\/2024\/08\/Banisteriopsis-caapi-150x150.jpg 150w, https:\/\/chatwithyourpet.net\/wp-content\/uploads\/2024\/08\/Banisteriopsis-caapi-85x85.jpg 85w, https:\/\/chatwithyourpet.net\/wp-content\/uploads\/2024\/08\/Banisteriopsis-caapi-80x80.jpg 80w\" sizes=\"auto, (max-width:767px) 150px, 150px\" \/>Ayahuasca: Eine Heilige Reise<\/strong><\/span><\/h5>\n<p><span style=\"color: #000080;\">Ayahuasca, auch bekannt als Yag\u00e9, ist eine heilige Pflanze, die seit Jahrhunderten von indigenen Gemeinschaften im Amazonasgebiet verwendet wird. Dieser uralte Trank wird durch die Kombination der Liane <em>Banisteriopsis caapi<\/em> mit den Bl\u00e4ttern der Pflanze <em>Psychotria viridis<\/em> hergestellt und ist bekannt f\u00fcr seine starken psychedelischen Wirkungen. Ayahuasca dient als spiritueller F\u00fchrer, der dich mit deinen tiefsten Wahrheiten konfrontiert, dir hilft, Traumata zu verstehen und zu heilen, emotionale Blockaden zu l\u00f6sen und mit deinen Vorfahren und deinem Lebenszweck in Verbindung zu treten.<\/span><\/p>\n<h5><span style=\"color: #000080;\"><strong>Transformation und Pers\u00f6nliches Wachstum<\/strong><\/span><\/h5>\n<p><span style=\"color: #000080;\">W\u00e4hrend der Zeremonie offenbart Ayahuasca dein inneres Selbst, konfrontiert dich mit dem, was sich \u00e4ndern muss, und \u00f6ffnet den Weg zu deinem Schicksal. Dieser Prozess geht jedoch normalerweise mit einer Reinigung einher, die durch Erbrechen oder Durchfall erfolgen kann. Meine erste Zeremonie war intensiv transformierend; ich erbrach ausgiebig und lie\u00df nicht nur k\u00f6rperliche Gifte, sondern auch negative Emotionen wie Neid, Wut und Arroganz los. Ayahuasca zeigte mir eine Seite von mir selbst, die ich nicht sehen wollte: eine arrogante, ignorante Person ohne Mitgef\u00fchl. Am n\u00e4chsten Tag f\u00fchlte ich mich wie ein neuer Mensch, leichter und erleichtert. Die Erfahrung war so pr\u00e4gend, dass ich im folgenden Monat nach Kolumbien zur\u00fcckkehrte, um an einer weiteren Zeremonie teilzunehmen, was den Beginn einer regelm\u00e4\u00dfigen Praxis markierte.<\/span><\/p>\n<h5><span style=\"color: #000080;\"><strong>Herausforderungen und Neue Entdeckungen<\/strong><\/span><\/h5>\n<p><span style=\"color: #000080;\">Die Pandemie unterbrach vor\u00fcbergehend meinen Weg, aber ich f\u00fchlte weiterhin den Ruf der Mutter Ayahuasca, selbst in dieser Zeit. 2022 fand ich eine Gruppe in Panama, die ebenfalls Ayahuasca nahm. Obwohl die Zeremonien bereichernd waren, erlebte ich nicht den gleichen spirituellen Fortschritt wie in Kolumbien. Da stellte mir ein Freund eine Schamanin aus Peru vor. An einer ihrer Zeremonien im Jahr 2023 teilzunehmen, ver\u00e4nderte mein Leben erneut. Ich war fasziniert von der Balance zwischen weiblicher Kraft und Sanftheit, etwas, das mir fehlte, da ich immer eine starke Person mit \u00fcberwiegend m\u00e4nnlicher Energie war.<\/span><\/p>\n<h5><span style=\"color: #000080;\"><strong>Pflanzen-Di\u00e4ten und Ancestrale Medizin<img loading=\"lazy\" decoding=\"async\" class=\"size-thumbnail wp-image-1729 alignright\" src=\"http:\/\/chatwithyourpet.net\/wp-content\/uploads\/2024\/08\/Pflanzenbad-150x150.jpg\" alt=\"\" width=\"150\" height=\"150\" srcset=\"https:\/\/chatwithyourpet.net\/wp-content\/uploads\/2024\/08\/Pflanzenbad-150x150.jpg 150w, https:\/\/chatwithyourpet.net\/wp-content\/uploads\/2024\/08\/Pflanzenbad-85x85.jpg 85w, https:\/\/chatwithyourpet.net\/wp-content\/uploads\/2024\/08\/Pflanzenbad-80x80.jpg 80w\" sizes=\"auto, (max-width:767px) 150px, 150px\" \/><\/strong><\/span><\/h5>\n<p><span style=\"color: #000080;\">Von dem ersten Moment an, als sie mich traf, lud mich diese Schamanin ein, Pflanzen in der peruanischen Dschungel zu di\u00e4ten. Pflanzen di\u00e4ten? In dieser Praxis folgt man einem strengen Ern\u00e4hrungsregime\u2014ohne Salz, Zucker, Milchprodukte, rotes Fleisch, Zitrusfr\u00fcchte oder Gew\u00fcrze\u2014w\u00e4hrend man die Bl\u00fcten, Bl\u00e4tter oder Rinden der Pflanzen konsumiert, um ihren Geist aufzunehmen. Ende 2023 reiste ich nach Peru, um diese Di\u00e4t zusammen mit mehreren Ayahuasca-Zeremonien und verschiedenen Reinigungen, einschlie\u00dflich Kambo, durchzuf\u00fchren. Diese zwei Wochen verwandelten mein Leben tiefgreifend. Die Mutter Ayahuasca offenbarte mir meinen Zweck: den Weg der uralten Medizin zu folgen. Zun\u00e4chst zweifelte ich\u2014ich, eine wei\u00dfe Europ\u00e4erin, als Medizinfrau?\u2014aber Ayahuasca zeigte mir, dass Herkunft und Hautfarbe keine Rolle spielen; was z\u00e4hlt, ist, was du in dir tr\u00e4gst, deine Seele. Wenn dich die Mutter Ayahuasca ausw\u00e4hlt, dann aus einem Grund, und du musst diesem Ruf folgen.<\/span><\/p>\n<h5><span style=\"color: #000080;\"><strong>Kambo: Eine Kraftvolle Ancestrale Medizin<\/strong><\/span><\/h5>\n<p><span style=\"color: #000080;\">Kambo, auch bekannt als die Dschungelimpfung, ist eine uralte Medizin, die aus der Sekretion der <em>Phyllomedusa bicolor<\/em>-Frosch, auch als Riesenaffe-Frosch bekannt, gewonnen wird. Urspr\u00fcnglich aus dem Amazonasregenwald, wird es auf kleine verbrannte Punkte auf der Haut aufgetragen, damit der K\u00f6rper es aufnehmen kann. Kambo ist bekannt f\u00fcr seine kraftvollen Reinigungswirkungen auf k\u00f6rperlicher, mentaler und energetischer Ebene, da es hilft, Toxine zu entfernen, das Immunsystem zu st\u00e4rken und stagnierte Emotionen freizusetzen, wodurch der K\u00f6rper und der Geist f\u00fcr gr\u00f6\u00dfere Klarheit und spirituelle Ausrichtung vorbereitet werden.<\/span><\/p>\n<h5><span style=\"color: #000080;\"><strong>Mein Weg als Medizinfrau<\/strong><\/span><\/h5>\n<p><span style=\"color: #000080;\">Seitdem folge ich meinem Weg als Medizinfrau. Ich leite Ayahuasca-Zeremonien, wende Kambo-Reinigungen an und lerne weiterhin in Peru und Kolumbien, wobei ich das, was ich gelernt habe, mit denen teile, die Hilfe oder einen neuen Weg in ihrem Heilungsprozess suchen.<\/span><\/p>\n<p><img loading=\"lazy\" decoding=\"async\" class=\"size-thumbnail wp-image-1738 alignleft\" src=\"http:\/\/chatwithyourpet.net\/wp-content\/uploads\/2024\/08\/Shamanische-Neonmalerei-150x150.jpg\" alt=\"\" width=\"150\" height=\"150\" srcset=\"https:\/\/chatwithyourpet.net\/wp-content\/uploads\/2024\/08\/Shamanische-Neonmalerei-150x150.jpg 150w, https:\/\/chatwithyourpet.net\/wp-content\/uploads\/2024\/08\/Shamanische-Neonmalerei-85x85.jpg 85w, https:\/\/chatwithyourpet.net\/wp-content\/uploads\/2024\/08\/Shamanische-Neonmalerei-80x80.jpg 80w\" sizes=\"auto, (max-width:767px) 150px, 150px\" \/> <img loading=\"lazy\" decoding=\"async\" class=\"size-thumbnail wp-image-1735 alignleft\" src=\"http:\/\/chatwithyourpet.net\/wp-content\/uploads\/2024\/08\/Schamanische-Malerei-150x150.jpg\" alt=\"\" width=\"150\" height=\"150\" srcset=\"https:\/\/chatwithyourpet.net\/wp-content\/uploads\/2024\/08\/Schamanische-Malerei-150x150.jpg 150w, https:\/\/chatwithyourpet.net\/wp-content\/uploads\/2024\/08\/Schamanische-Malerei-85x85.jpg 85w, https:\/\/chatwithyourpet.net\/wp-content\/uploads\/2024\/08\/Schamanische-Malerei-80x80.jpg 80w\" sizes=\"auto, (max-width:767px) 150px, 150px\" \/> <img loading=\"lazy\" decoding=\"async\" class=\"size-thumbnail wp-image-1743 alignleft\" src=\"http:\/\/chatwithyourpet.net\/wp-content\/uploads\/2024\/08\/Ayahuasca-Zubereitung-150x150.png\" alt=\"\" width=\"150\" height=\"150\" srcset=\"https:\/\/chatwithyourpet.net\/wp-content\/uploads\/2024\/08\/Ayahuasca-Zubereitung-150x150.png 150w, https:\/\/chatwithyourpet.net\/wp-content\/uploads\/2024\/08\/Ayahuasca-Zubereitung-85x85.png 85w, https:\/\/chatwithyourpet.net\/wp-content\/uploads\/2024\/08\/Ayahuasca-Zubereitung-80x80.png 80w\" sizes=\"auto, (max-width:767px) 150px, 150px\" \/> <img loading=\"lazy\" decoding=\"async\" class=\"size-thumbnail wp-image-1722 alignleft\" src=\"http:\/\/chatwithyourpet.net\/wp-content\/uploads\/2024\/08\/Dschungel-150x150.jpg\" alt=\"\" width=\"150\" height=\"150\" srcset=\"https:\/\/chatwithyourpet.net\/wp-content\/uploads\/2024\/08\/Dschungel-150x150.jpg 150w, https:\/\/chatwithyourpet.net\/wp-content\/uploads\/2024\/08\/Dschungel-85x85.jpg 85w, https:\/\/chatwithyourpet.net\/wp-content\/uploads\/2024\/08\/Dschungel-80x80.jpg 80w\" sizes=\"auto, (max-width:767px) 150px, 150px\" \/><\/p>\n<p>&nbsp;<\/p>\n<p>&nbsp;<\/p>\n<p>&nbsp;<\/p>\n<p>&nbsp;<\/p>\n<p>&nbsp;<\/p>\n<p><span style=\"color: #000080;\"><strong>Aho!<\/strong><\/span><\/p>\n<p><span style=\"color: #000080;\"><em>Im Schamanismus ist das Sagen von &#8222;Aho&#8220; nach dem Teilen einer Wahrheit oder eines Dankes eine M\u00f6glichkeit, die Verbindung mit der Erde, den Geistern und den anderen Teilnehmern zu ehren. Es ist ein Ausdruck, der die Energie und die Kraft der gesprochenen Worte in einem spirituellen Kontext verst\u00e4rkt.<\/em><\/span><\/p>\n","protected":false},"excerpt":{"rendered":"<p>Mein Weg mit der Ancestralen Medizin und der Spirituellen Verbindung &nbsp; Kommunikation mit Tieren und Spirituelles Erwachen Mit Tieren zu kommunizieren hat nicht nur mein Herz<span class=\"excerpt-hellip\"> [\u2026]<\/span><\/p>\n","protected":false},"author":1,"featured_media":1738,"parent":0,"menu_order":0,"comment_status":"closed","ping_status":"closed","template":"","meta":{"footnotes":""},"class_list":["post-1755","page","type-page","status-publish","has-post-thumbnail","hentry"],"yoast_head":"<!-- This site is optimized with the Yoast SEO plugin v27.3 - https:\/\/yoast.com\/product\/yoast-seo-wordpress\/ -->\n<title>Ancestrale Heilung - Chat With Your Pet<\/title>\n<meta name=\"description\" content=\"Erlebe die transformative Kraft der ancestral Heilung durch Ayahuasca und Kambo. Erfahre mehr \u00fcber die tiefgreifenden Erfahrungen und spirituelles Wachstum aus diesem heiligen Weg.\" \/>\n<meta name=\"robots\" content=\"index, follow, max-snippet:-1, max-image-preview:large, max-video-preview:-1\" \/>\n<link rel=\"canonical\" href=\"https:\/\/chatwithyourpet.net\/de\/ancestrale-heilung\/\" \/>\n<meta property=\"og:locale\" content=\"de_DE\" \/>\n<meta property=\"og:type\" content=\"article\" \/>\n<meta property=\"og:title\" content=\"Ancestrale Heilung - Chat With Your Pet\" \/>\n<meta property=\"og:description\" content=\"Erlebe die transformative Kraft der ancestral Heilung durch Ayahuasca und Kambo. Erfahre mehr \u00fcber die tiefgreifenden Erfahrungen und spirituelles Wachstum aus diesem heiligen Weg.\" \/>\n<meta property=\"og:url\" content=\"https:\/\/chatwithyourpet.net\/de\/ancestrale-heilung\/\" \/>\n<meta property=\"og:site_name\" content=\"Chat With Your Pet\" \/>\n<meta property=\"article:publisher\" content=\"https:\/\/www.facebook.com\/ChatWithYourPetAnimalCommunication\" \/>\n<meta property=\"article:modified_time\" content=\"2024-08-24T22:50:01+00:00\" \/>\n<meta property=\"og:image\" content=\"https:\/\/chatwithyourpet.net\/wp-content\/uploads\/2024\/08\/Shamanische-Neonmalerei-scaled.jpg\" \/>\n\t<meta property=\"og:image:width\" content=\"1920\" \/>\n\t<meta property=\"og:image:height\" content=\"2560\" \/>\n\t<meta property=\"og:image:type\" content=\"image\/jpeg\" \/>\n<meta name=\"twitter:card\" content=\"summary_large_image\" \/>\n<meta name=\"twitter:label1\" content=\"Gesch\u00e4tzte Lesezeit\" \/>\n\t<meta name=\"twitter:data1\" content=\"5\u00a0Minuten\" \/>\n<script type=\"application\/ld+json\" class=\"yoast-schema-graph\">{\"@context\":\"https:\\\/\\\/schema.org\",\"@graph\":[{\"@type\":\"WebPage\",\"@id\":\"https:\\\/\\\/chatwithyourpet.net\\\/de\\\/ancestrale-heilung\\\/\",\"url\":\"https:\\\/\\\/chatwithyourpet.net\\\/de\\\/ancestrale-heilung\\\/\",\"name\":\"Ancestrale Heilung - Chat With Your Pet\",\"isPartOf\":{\"@id\":\"https:\\\/\\\/chatwithyourpet.net\\\/#website\"},\"primaryImageOfPage\":{\"@id\":\"https:\\\/\\\/chatwithyourpet.net\\\/de\\\/ancestrale-heilung\\\/#primaryimage\"},\"image\":{\"@id\":\"https:\\\/\\\/chatwithyourpet.net\\\/de\\\/ancestrale-heilung\\\/#primaryimage\"},\"thumbnailUrl\":\"https:\\\/\\\/chatwithyourpet.net\\\/wp-content\\\/uploads\\\/2024\\\/08\\\/Shamanische-Neonmalerei-scaled.jpg\",\"datePublished\":\"2024-08-24T22:48:36+00:00\",\"dateModified\":\"2024-08-24T22:50:01+00:00\",\"description\":\"Erlebe die transformative Kraft der ancestral Heilung durch Ayahuasca und Kambo. Erfahre mehr \u00fcber die tiefgreifenden Erfahrungen und spirituelles Wachstum aus diesem heiligen Weg.\",\"breadcrumb\":{\"@id\":\"https:\\\/\\\/chatwithyourpet.net\\\/de\\\/ancestrale-heilung\\\/#breadcrumb\"},\"inLanguage\":\"de\",\"potentialAction\":[{\"@type\":\"ReadAction\",\"target\":[\"https:\\\/\\\/chatwithyourpet.net\\\/de\\\/ancestrale-heilung\\\/\"]}]},{\"@type\":\"ImageObject\",\"inLanguage\":\"de\",\"@id\":\"https:\\\/\\\/chatwithyourpet.net\\\/de\\\/ancestrale-heilung\\\/#primaryimage\",\"url\":\"https:\\\/\\\/chatwithyourpet.net\\\/wp-content\\\/uploads\\\/2024\\\/08\\\/Shamanische-Neonmalerei-scaled.jpg\",\"contentUrl\":\"https:\\\/\\\/chatwithyourpet.net\\\/wp-content\\\/uploads\\\/2024\\\/08\\\/Shamanische-Neonmalerei-scaled.jpg\",\"width\":1920,\"height\":2560},{\"@type\":\"BreadcrumbList\",\"@id\":\"https:\\\/\\\/chatwithyourpet.net\\\/de\\\/ancestrale-heilung\\\/#breadcrumb\",\"itemListElement\":[{\"@type\":\"ListItem\",\"position\":1,\"name\":\"Home\",\"item\":\"https:\\\/\\\/chatwithyourpet.net\\\/de\\\/\"},{\"@type\":\"ListItem\",\"position\":2,\"name\":\"Ancestrale Heilung\"}]},{\"@type\":\"WebSite\",\"@id\":\"https:\\\/\\\/chatwithyourpet.net\\\/#website\",\"url\":\"https:\\\/\\\/chatwithyourpet.net\\\/\",\"name\":\"Chat With Your Pet\",\"description\":\"Animal Communication, an interpreter between you and your animal.\",\"publisher\":{\"@id\":\"https:\\\/\\\/chatwithyourpet.net\\\/#\\\/schema\\\/person\\\/c1bd82d29d74ecaac6101082a06edeac\"},\"potentialAction\":[{\"@type\":\"SearchAction\",\"target\":{\"@type\":\"EntryPoint\",\"urlTemplate\":\"https:\\\/\\\/chatwithyourpet.net\\\/?s={search_term_string}\"},\"query-input\":{\"@type\":\"PropertyValueSpecification\",\"valueRequired\":true,\"valueName\":\"search_term_string\"}}],\"inLanguage\":\"de\"},{\"@type\":[\"Person\",\"Organization\"],\"@id\":\"https:\\\/\\\/chatwithyourpet.net\\\/#\\\/schema\\\/person\\\/c1bd82d29d74ecaac6101082a06edeac\",\"name\":\"PetLover\",\"image\":{\"@type\":\"ImageObject\",\"inLanguage\":\"de\",\"@id\":\"http:\\\/\\\/chatwithyourpet.net\\\/wp-content\\\/uploads\\\/2017\\\/06\\\/CWP_logo_retina.png\",\"url\":\"http:\\\/\\\/chatwithyourpet.net\\\/wp-content\\\/uploads\\\/2017\\\/06\\\/CWP_logo_retina.png\",\"contentUrl\":\"http:\\\/\\\/chatwithyourpet.net\\\/wp-content\\\/uploads\\\/2017\\\/06\\\/CWP_logo_retina.png\",\"width\":353,\"height\":292,\"caption\":\"PetLover\"},\"logo\":{\"@id\":\"http:\\\/\\\/chatwithyourpet.net\\\/wp-content\\\/uploads\\\/2017\\\/06\\\/CWP_logo_retina.png\"},\"sameAs\":[\"https:\\\/\\\/www.facebook.com\\\/ChatWithYourPetAnimalCommunication\"]}]}<\/script>\n<!-- \/ Yoast SEO plugin. -->","yoast_head_json":{"title":"Ancestrale Heilung - Chat With Your Pet","description":"Erlebe die transformative Kraft der ancestral Heilung durch Ayahuasca und Kambo. Erfahre mehr \u00fcber die tiefgreifenden Erfahrungen und spirituelles Wachstum aus diesem heiligen Weg.","robots":{"index":"index","follow":"follow","max-snippet":"max-snippet:-1","max-image-preview":"max-image-preview:large","max-video-preview":"max-video-preview:-1"},"canonical":"https:\/\/chatwithyourpet.net\/de\/ancestrale-heilung\/","og_locale":"de_DE","og_type":"article","og_title":"Ancestrale Heilung - Chat With Your Pet","og_description":"Erlebe die transformative Kraft der ancestral Heilung durch Ayahuasca und Kambo. Erfahre mehr \u00fcber die tiefgreifenden Erfahrungen und spirituelles Wachstum aus diesem heiligen Weg.","og_url":"https:\/\/chatwithyourpet.net\/de\/ancestrale-heilung\/","og_site_name":"Chat With Your Pet","article_publisher":"https:\/\/www.facebook.com\/ChatWithYourPetAnimalCommunication","article_modified_time":"2024-08-24T22:50:01+00:00","og_image":[{"width":1920,"height":2560,"url":"https:\/\/chatwithyourpet.net\/wp-content\/uploads\/2024\/08\/Shamanische-Neonmalerei-scaled.jpg","type":"image\/jpeg"}],"twitter_card":"summary_large_image","twitter_misc":{"Gesch\u00e4tzte Lesezeit":"5\u00a0Minuten"},"schema":{"@context":"https:\/\/schema.org","@graph":[{"@type":"WebPage","@id":"https:\/\/chatwithyourpet.net\/de\/ancestrale-heilung\/","url":"https:\/\/chatwithyourpet.net\/de\/ancestrale-heilung\/","name":"Ancestrale Heilung - Chat With Your Pet","isPartOf":{"@id":"https:\/\/chatwithyourpet.net\/#website"},"primaryImageOfPage":{"@id":"https:\/\/chatwithyourpet.net\/de\/ancestrale-heilung\/#primaryimage"},"image":{"@id":"https:\/\/chatwithyourpet.net\/de\/ancestrale-heilung\/#primaryimage"},"thumbnailUrl":"https:\/\/chatwithyourpet.net\/wp-content\/uploads\/2024\/08\/Shamanische-Neonmalerei-scaled.jpg","datePublished":"2024-08-24T22:48:36+00:00","dateModified":"2024-08-24T22:50:01+00:00","description":"Erlebe die transformative Kraft der ancestral Heilung durch Ayahuasca und Kambo. Erfahre mehr \u00fcber die tiefgreifenden Erfahrungen und spirituelles Wachstum aus diesem heiligen Weg.","breadcrumb":{"@id":"https:\/\/chatwithyourpet.net\/de\/ancestrale-heilung\/#breadcrumb"},"inLanguage":"de","potentialAction":[{"@type":"ReadAction","target":["https:\/\/chatwithyourpet.net\/de\/ancestrale-heilung\/"]}]},{"@type":"ImageObject","inLanguage":"de","@id":"https:\/\/chatwithyourpet.net\/de\/ancestrale-heilung\/#primaryimage","url":"https:\/\/chatwithyourpet.net\/wp-content\/uploads\/2024\/08\/Shamanische-Neonmalerei-scaled.jpg","contentUrl":"https:\/\/chatwithyourpet.net\/wp-content\/uploads\/2024\/08\/Shamanische-Neonmalerei-scaled.jpg","width":1920,"height":2560},{"@type":"BreadcrumbList","@id":"https:\/\/chatwithyourpet.net\/de\/ancestrale-heilung\/#breadcrumb","itemListElement":[{"@type":"ListItem","position":1,"name":"Home","item":"https:\/\/chatwithyourpet.net\/de\/"},{"@type":"ListItem","position":2,"name":"Ancestrale Heilung"}]},{"@type":"WebSite","@id":"https:\/\/chatwithyourpet.net\/#website","url":"https:\/\/chatwithyourpet.net\/","name":"Chat With Your Pet","description":"Animal Communication, an interpreter between you and your animal.","publisher":{"@id":"https:\/\/chatwithyourpet.net\/#\/schema\/person\/c1bd82d29d74ecaac6101082a06edeac"},"potentialAction":[{"@type":"SearchAction","target":{"@type":"EntryPoint","urlTemplate":"https:\/\/chatwithyourpet.net\/?s={search_term_string}"},"query-input":{"@type":"PropertyValueSpecification","valueRequired":true,"valueName":"search_term_string"}}],"inLanguage":"de"},{"@type":["Person","Organization"],"@id":"https:\/\/chatwithyourpet.net\/#\/schema\/person\/c1bd82d29d74ecaac6101082a06edeac","name":"PetLover","image":{"@type":"ImageObject","inLanguage":"de","@id":"http:\/\/chatwithyourpet.net\/wp-content\/uploads\/2017\/06\/CWP_logo_retina.png","url":"http:\/\/chatwithyourpet.net\/wp-content\/uploads\/2017\/06\/CWP_logo_retina.png","contentUrl":"http:\/\/chatwithyourpet.net\/wp-content\/uploads\/2017\/06\/CWP_logo_retina.png","width":353,"height":292,"caption":"PetLover"},"logo":{"@id":"http:\/\/chatwithyourpet.net\/wp-content\/uploads\/2017\/06\/CWP_logo_retina.png"},"sameAs":["https:\/\/www.facebook.com\/ChatWithYourPetAnimalCommunication"]}]}},"_links":{"self":[{"href":"https:\/\/chatwithyourpet.net\/de\/wp-json\/wp\/v2\/pages\/1755","targetHints":{"allow":["GET"]}}],"collection":[{"href":"https:\/\/chatwithyourpet.net\/de\/wp-json\/wp\/v2\/pages"}],"about":[{"href":"https:\/\/chatwithyourpet.net\/de\/wp-json\/wp\/v2\/types\/page"}],"author":[{"embeddable":true,"href":"https:\/\/chatwithyourpet.net\/de\/wp-json\/wp\/v2\/users\/1"}],"replies":[{"embeddable":true,"href":"https:\/\/chatwithyourpet.net\/de\/wp-json\/wp\/v2\/comments?post=1755"}],"version-history":[{"count":0,"href":"https:\/\/chatwithyourpet.net\/de\/wp-json\/wp\/v2\/pages\/1755\/revisions"}],"wp:featuredmedia":[{"embeddable":true,"href":"https:\/\/chatwithyourpet.net\/de\/wp-json\/wp\/v2\/media\/1738"}],"wp:attachment":[{"href":"https:\/\/chatwithyourpet.net\/de\/wp-json\/wp\/v2\/media?parent=1755"}],"curies":[{"name":"wp","href":"https:\/\/api.w.org\/{rel}","templated":true}]}}