{"id":255,"date":"2017-06-12T22:20:24","date_gmt":"2017-06-12T22:20:24","guid":{"rendered":"http:\/\/chatwithyourpet.net\/?page_id=255\/"},"modified":"2024-09-09T14:14:05","modified_gmt":"2024-09-09T19:14:05","slug":"inicio","status":"publish","type":"page","link":"https:\/\/chatwithyourpet.net\/es\/","title":{"rendered":"Inicio"},"content":{"rendered":"","protected":false},"excerpt":{"rendered":"","protected":false},"author":1,"featured_media":0,"parent":0,"menu_order":0,"comment_status":"closed","ping_status":"open","template":"","meta":{"footnotes":""},"class_list":["post-255","page","type-page","status-publish","hentry"],"yoast_head":"<!-- This site is optimized with the Yoast SEO plugin v27.4 - https:\/\/yoast.com\/product\/yoast-seo-wordpress\/ -->\n<title>Chat With Your Pet - Comunicaci\u00f3n con animales en 4 diferentes idiomas<\/title>\n<meta name=\"description\" content=\"Comunicaci\u00f3n con animales en 4 diferentes idiomas, mediante sesiones contigo y tu mascota. Cont\u00e1ctenos y Chat With Your Pet!\" \/>\n<meta name=\"robots\" content=\"index, follow, max-snippet:-1, max-image-preview:large, max-video-preview:-1\" \/>\n<link rel=\"canonical\" href=\"https:\/\/chatwithyourpet.net\/\" \/>\n<meta property=\"og:locale\" content=\"es_ES\" \/>\n<meta property=\"og:type\" content=\"article\" \/>\n<meta property=\"og:title\" content=\"Chat With Your Pet - Comunicaci\u00f3n con animales en 4 diferentes idiomas\" \/>\n<meta property=\"og:description\" content=\"Comunicaci\u00f3n con animales en 4 diferentes idiomas, mediante sesiones contigo y tu mascota. Cont\u00e1ctenos y Chat With Your Pet!\" \/>\n<meta property=\"og:url\" content=\"https:\/\/chatwithyourpet.net\/\" \/>\n<meta property=\"og:site_name\" content=\"Chat With Your Pet\" \/>\n<meta property=\"article:publisher\" content=\"https:\/\/www.facebook.com\/ChatWithYourPetAnimalCommunication\" \/>\n<meta property=\"article:modified_time\" content=\"2024-09-09T19:14:05+00:00\" \/>\n<meta property=\"og:image\" content=\"http:\/\/chatwithyourpet.net\/wp-content\/uploads\/2017\/06\/CWP_logo_retina.png\" \/>\n<meta name=\"twitter:card\" content=\"summary_large_image\" \/>\n<script type=\"application\/ld+json\" class=\"yoast-schema-graph\">{\"@context\":\"https:\\\/\\\/schema.org\",\"@graph\":[{\"@type\":\"WebPage\",\"@id\":\"https:\\\/\\\/chatwithyourpet.net\\\/\",\"url\":\"https:\\\/\\\/chatwithyourpet.net\\\/\",\"name\":\"Chat With Your Pet - Comunicaci\u00f3n con animales en 4 diferentes idiomas\",\"isPartOf\":{\"@id\":\"https:\\\/\\\/chatwithyourpet.net\\\/#website\"},\"datePublished\":\"2017-06-12T22:20:24+00:00\",\"dateModified\":\"2024-09-09T19:14:05+00:00\",\"description\":\"Comunicaci\u00f3n con animales en 4 diferentes idiomas, mediante sesiones contigo y tu mascota. Cont\u00e1ctenos y Chat With Your Pet!\",\"breadcrumb\":{\"@id\":\"https:\\\/\\\/chatwithyourpet.net\\\/#breadcrumb\"},\"inLanguage\":\"es\",\"potentialAction\":[{\"@type\":\"ReadAction\",\"target\":[\"https:\\\/\\\/chatwithyourpet.net\\\/\"]}]},{\"@type\":\"BreadcrumbList\",\"@id\":\"https:\\\/\\\/chatwithyourpet.net\\\/#breadcrumb\",\"itemListElement\":[{\"@type\":\"ListItem\",\"position\":1,\"name\":\"Home\",\"item\":\"https:\\\/\\\/chatwithyourpet.net\\\/\"},{\"@type\":\"ListItem\",\"position\":2,\"name\":\"Inicio\"}]},{\"@type\":\"WebSite\",\"@id\":\"https:\\\/\\\/chatwithyourpet.net\\\/#website\",\"url\":\"https:\\\/\\\/chatwithyourpet.net\\\/\",\"name\":\"Chat With Your Pet\",\"description\":\"Animal Communication, an interpreter between you and your animal.\",\"publisher\":{\"@id\":\"https:\\\/\\\/chatwithyourpet.net\\\/#\\\/schema\\\/person\\\/c1bd82d29d74ecaac6101082a06edeac\"},\"potentialAction\":[{\"@type\":\"SearchAction\",\"target\":{\"@type\":\"EntryPoint\",\"urlTemplate\":\"https:\\\/\\\/chatwithyourpet.net\\\/?s={search_term_string}\"},\"query-input\":{\"@type\":\"PropertyValueSpecification\",\"valueRequired\":true,\"valueName\":\"search_term_string\"}}],\"inLanguage\":\"es\"},{\"@type\":[\"Person\",\"Organization\"],\"@id\":\"https:\\\/\\\/chatwithyourpet.net\\\/#\\\/schema\\\/person\\\/c1bd82d29d74ecaac6101082a06edeac\",\"name\":\"PetLover\",\"image\":{\"@type\":\"ImageObject\",\"inLanguage\":\"es\",\"@id\":\"http:\\\/\\\/chatwithyourpet.net\\\/wp-content\\\/uploads\\\/2017\\\/06\\\/CWP_logo_retina.png\",\"url\":\"http:\\\/\\\/chatwithyourpet.net\\\/wp-content\\\/uploads\\\/2017\\\/06\\\/CWP_logo_retina.png\",\"contentUrl\":\"http:\\\/\\\/chatwithyourpet.net\\\/wp-content\\\/uploads\\\/2017\\\/06\\\/CWP_logo_retina.png\",\"width\":353,\"height\":292,\"caption\":\"PetLover\"},\"logo\":{\"@id\":\"http:\\\/\\\/chatwithyourpet.net\\\/wp-content\\\/uploads\\\/2017\\\/06\\\/CWP_logo_retina.png\"},\"sameAs\":[\"https:\\\/\\\/www.facebook.com\\\/ChatWithYourPetAnimalCommunication\"]}]}<\/script>\n<!-- \/ Yoast SEO plugin. -->","yoast_head_json":{"title":"Chat With Your Pet - Comunicaci\u00f3n con animales en 4 diferentes idiomas","description":"Comunicaci\u00f3n con animales en 4 diferentes idiomas, mediante sesiones contigo y tu mascota. Cont\u00e1ctenos y Chat With Your Pet!","robots":{"index":"index","follow":"follow","max-snippet":"max-snippet:-1","max-image-preview":"max-image-preview:large","max-video-preview":"max-video-preview:-1"},"canonical":"https:\/\/chatwithyourpet.net\/","og_locale":"es_ES","og_type":"article","og_title":"Chat With Your Pet - Comunicaci\u00f3n con animales en 4 diferentes idiomas","og_description":"Comunicaci\u00f3n con animales en 4 diferentes idiomas, mediante sesiones contigo y tu mascota. Cont\u00e1ctenos y Chat With Your Pet!","og_url":"https:\/\/chatwithyourpet.net\/","og_site_name":"Chat With Your Pet","article_publisher":"https:\/\/www.facebook.com\/ChatWithYourPetAnimalCommunication","article_modified_time":"2024-09-09T19:14:05+00:00","og_image":[{"url":"http:\/\/chatwithyourpet.net\/wp-content\/uploads\/2017\/06\/CWP_logo_retina.png","type":"","width":"","height":""}],"twitter_card":"summary_large_image","schema":{"@context":"https:\/\/schema.org","@graph":[{"@type":"WebPage","@id":"https:\/\/chatwithyourpet.net\/","url":"https:\/\/chatwithyourpet.net\/","name":"Chat With Your Pet - Comunicaci\u00f3n con animales en 4 diferentes idiomas","isPartOf":{"@id":"https:\/\/chatwithyourpet.net\/#website"},"datePublished":"2017-06-12T22:20:24+00:00","dateModified":"2024-09-09T19:14:05+00:00","description":"Comunicaci\u00f3n con animales en 4 diferentes idiomas, mediante sesiones contigo y tu mascota. Cont\u00e1ctenos y Chat With Your Pet!","breadcrumb":{"@id":"https:\/\/chatwithyourpet.net\/#breadcrumb"},"inLanguage":"es","potentialAction":[{"@type":"ReadAction","target":["https:\/\/chatwithyourpet.net\/"]}]},{"@type":"BreadcrumbList","@id":"https:\/\/chatwithyourpet.net\/#breadcrumb","itemListElement":[{"@type":"ListItem","position":1,"name":"Home","item":"https:\/\/chatwithyourpet.net\/"},{"@type":"ListItem","position":2,"name":"Inicio"}]},{"@type":"WebSite","@id":"https:\/\/chatwithyourpet.net\/#website","url":"https:\/\/chatwithyourpet.net\/","name":"Chat With Your Pet","description":"Animal Communication, an interpreter between you and your animal.","publisher":{"@id":"https:\/\/chatwithyourpet.net\/#\/schema\/person\/c1bd82d29d74ecaac6101082a06edeac"},"potentialAction":[{"@type":"SearchAction","target":{"@type":"EntryPoint","urlTemplate":"https:\/\/chatwithyourpet.net\/?s={search_term_string}"},"query-input":{"@type":"PropertyValueSpecification","valueRequired":true,"valueName":"search_term_string"}}],"inLanguage":"es"},{"@type":["Person","Organization"],"@id":"https:\/\/chatwithyourpet.net\/#\/schema\/person\/c1bd82d29d74ecaac6101082a06edeac","name":"PetLover","image":{"@type":"ImageObject","inLanguage":"es","@id":"http:\/\/chatwithyourpet.net\/wp-content\/uploads\/2017\/06\/CWP_logo_retina.png","url":"http:\/\/chatwithyourpet.net\/wp-content\/uploads\/2017\/06\/CWP_logo_retina.png","contentUrl":"http:\/\/chatwithyourpet.net\/wp-content\/uploads\/2017\/06\/CWP_logo_retina.png","width":353,"height":292,"caption":"PetLover"},"logo":{"@id":"http:\/\/chatwithyourpet.net\/wp-content\/uploads\/2017\/06\/CWP_logo_retina.png"},"sameAs":["https:\/\/www.facebook.com\/ChatWithYourPetAnimalCommunication"]}]}},"_links":{"self":[{"href":"https:\/\/chatwithyourpet.net\/es\/wp-json\/wp\/v2\/pages\/255","targetHints":{"allow":["GET"]}}],"collection":[{"href":"https:\/\/chatwithyourpet.net\/es\/wp-json\/wp\/v2\/pages"}],"about":[{"href":"https:\/\/chatwithyourpet.net\/es\/wp-json\/wp\/v2\/types\/page"}],"author":[{"embeddable":true,"href":"https:\/\/chatwithyourpet.net\/es\/wp-json\/wp\/v2\/users\/1"}],"replies":[{"embeddable":true,"href":"https:\/\/chatwithyourpet.net\/es\/wp-json\/wp\/v2\/comments?post=255"}],"version-history":[{"count":0,"href":"https:\/\/chatwithyourpet.net\/es\/wp-json\/wp\/v2\/pages\/255\/revisions"}],"wp:attachment":[{"href":"https:\/\/chatwithyourpet.net\/es\/wp-json\/wp\/v2\/media?parent=255"}],"curies":[{"name":"wp","href":"https:\/\/api.w.org\/{rel}","templated":true}]}}