{"id":1757,"date":"2024-08-24T17:47:43","date_gmt":"2024-08-24T22:47:43","guid":{"rendered":"http:\/\/chatwithyourpet.net\/?page_id=1757\/"},"modified":"2024-08-24T17:47:43","modified_gmt":"2024-08-24T22:47:43","slug":"osi-gyogyitas-utja","status":"publish","type":"page","link":"https:\/\/chatwithyourpet.net\/hu\/osi-gyogyitas-utja\/","title":{"rendered":"\u0150si Gy\u00f3gy\u00edt\u00e1s"},"content":{"rendered":"<h2 style=\"text-align: center;\"><span style=\"color: #000080;\"><strong>Utam az \u0150si Gy\u00f3gym\u00f3ddal \u00e9s a Lelki Kapcsolattal<\/strong><\/span><\/h2>\n<p><span style=\"color: #000080;\"><img decoding=\"async\" class=\"scale-with-grid aligncenter\" src=\"http:\/\/chatwithyourpet.net\/wp-content\/uploads\/2017\/06\/separador.png\" alt=\"\" \/><\/span><\/p>\n<p>&nbsp;<\/p>\n<h5><strong><span style=\"color: #000080;\">Kommunik\u00e1ci\u00f3 az \u00c1llatokkal \u00e9s a Spiritu\u00e1lis \u00c9bred\u00e9s<\/span><\/strong><\/h5>\n<p><span style=\"color: #000080;\">Az \u00e1llatokkal val\u00f3 kommunik\u00e1ci\u00f3 nemcsak a sz\u00edvemet nyitotta meg a vel\u00fck val\u00f3 kapcsolatfelv\u00e9telre, hanem a spiritualit\u00e1s fel\u00e9 is vezetett. Amikor Michael Harner antropol\u00f3gusr\u00f3l hallottam, aki a neosamanizmus fogalm\u00e1t bevezette a nyugati vil\u00e1gba, a k\u00edv\u00e1ncsis\u00e1gom tov\u00e1bb n\u0151tt. K\u00f6nyve, <em>A s\u00e1m\u00e1n \u00fatja<\/em> le\u00edrta az ayahuasca-val szerzett tapasztalatait, \u00e9s m\u00e9lyen megragadta a figyelmemet. Elkezdtem t\u00f6bbet kutatni err\u0151l a szent n\u00f6v\u00e9nyr\u0151l \u00e9s a s\u00e1m\u00e1nizmusr\u00f3l, \u00e9s 2019-ben Colombi\u00e1ban volt az els\u0151 ayahuasca \u00e9lm\u00e9nyem.<\/span><\/p>\n<h5><span style=\"color: #000080;\"><strong><img loading=\"lazy\" decoding=\"async\" class=\"size-thumbnail wp-image-1718 alignleft\" src=\"http:\/\/chatwithyourpet.net\/wp-content\/uploads\/2024\/08\/Banisteriopsis-caapi-150x150.jpg\" alt=\"\" width=\"150\" height=\"150\" srcset=\"https:\/\/chatwithyourpet.net\/wp-content\/uploads\/2024\/08\/Banisteriopsis-caapi-150x150.jpg 150w, https:\/\/chatwithyourpet.net\/wp-content\/uploads\/2024\/08\/Banisteriopsis-caapi-85x85.jpg 85w, https:\/\/chatwithyourpet.net\/wp-content\/uploads\/2024\/08\/Banisteriopsis-caapi-80x80.jpg 80w\" sizes=\"auto, (max-width:767px) 150px, 150px\" \/>Ayahuasca: Egy Szent Utaz\u00e1s<\/strong><\/span><\/h5>\n<p><span style=\"color: #000080;\">Az ayahuasca, m\u00e1s n\u00e9ven yag\u00e9, egy szent n\u00f6v\u00e9ny, amelyet az Amazonas \u0151slakos k\u00f6z\u00f6ss\u00e9gei \u00e9vsz\u00e1zadok \u00f3ta haszn\u00e1lnak. Ezt az \u0151si italt a <em>Banisteriopsis caapi<\/em> li\u00e1n \u00e9s a <em>Psychotria viridis<\/em> levelek kombin\u00e1l\u00e1s\u00e1val k\u00e9sz\u00edtik, \u00e9s h\u00edres er\u0151teljes pszichedelikus hat\u00e1s\u00e1r\u00f3l. Az ayahuasca spiritu\u00e1lis vezet\u0151k\u00e9nt m\u0171k\u00f6dik, amely szembes\u00edt a legm\u00e9lyebb igazs\u00e1gaiddal, seg\u00edt meg\u00e9rteni \u00e9s meggy\u00f3gy\u00edtani a traum\u00e1kat, felszabad\u00edtani az \u00e9rzelmi blokkokat, \u00e9s kapcsol\u00f3dni a \u0151s\u00f6kh\u00f6z \u00e9s az \u00e9letc\u00e9lhoz.<\/span><\/p>\n<h5><\/h5>\n<h5><span style=\"color: #000080;\"><strong>\u00c1talakul\u00e1s \u00e9s Szem\u00e9lyes N\u00f6veked\u00e9s<\/strong><\/span><\/h5>\n<p><span style=\"color: #000080;\">A szertart\u00e1s sor\u00e1n az ayahuasca felfedi a bels\u0151 \u00e9nedet, szembes\u00edt azzal, ami v\u00e1ltoztatni kell, \u00e9s megnyitja az utat a sorsod fel\u00e9. Azonban ez a folyamat \u00e1ltal\u00e1ban egy tiszt\u00edt\u00e1st is mag\u00e1ban foglal, amely lehet h\u00e1ny\u00e1s vagy hasmen\u00e9s. Az els\u0151 szertart\u00e1som intenz\u00edven \u00e1talak\u00edt\u00f3 volt; b\u0151s\u00e9gesen h\u00e1nytam, nemcsak fizikai toxinokat, hanem negat\u00edv \u00e9rzelmeket is, mint irigys\u00e9g, harag \u00e9s arrogancia. Az ayahuasca megmutatta nekem egy olyan oldalamat, amit nem akartam l\u00e1tni: egy arrog\u00e1ns, tudatlan \u00e9s egy\u00fctt\u00e9rz\u00e9s n\u00e9lk\u00fcli embert. M\u00e1snap \u00faj emberk\u00e9nt \u00e9reztem magam, k\u00f6nnyebbnek \u00e9s megk\u00f6nnyebb\u00fcltnek. Az \u00e9lm\u00e9ny annyira hat\u00e1ssal volt r\u00e1m, hogy a k\u00f6vetkez\u0151 h\u00f3napban visszat\u00e9rtem Colombi\u00e1ba egy \u00fajabb szertart\u00e1sra, ami a rendszeres gyakorl\u00e1s kezdet\u00e9t jelentette.<\/span><\/p>\n<h5><span style=\"color: #000080;\"><strong>Kih\u00edv\u00e1sok \u00e9s \u00daj Felfedez\u00e9sek<\/strong><\/span><\/h5>\n<p><span style=\"color: #000080;\">A vil\u00e1gj\u00e1rv\u00e1ny ideiglenesen megszak\u00edtotta az utamat, de tov\u00e1bbra is \u00e9reztem az Ayahuasca any\u00e1nak a h\u00edv\u00e1s\u00e1t m\u00e9g ebben az id\u0151szakban is. 2022-ben tal\u00e1ltam egy csoportot Panam\u00e1ban, akik szint\u00e9n ayahuasc\u00e1t fogyasztottak. B\u00e1r a szertart\u00e1sok gazdag\u00edt\u00f3nak bizonyultak, nem tapasztaltam ugyanazt a spiritu\u00e1lis fejl\u0151d\u00e9st, mint Colombi\u00e1ban. Ekkor egy bar\u00e1tom bemutatott egy mesters\u00e1m\u00e1nnak Perub\u00f3l. Az \u0151 szertart\u00e1s\u00e1n val\u00f3 r\u00e9szv\u00e9tel 2023-ban ism\u00e9t megv\u00e1ltoztatta az \u00e9letemet. Elb\u0171v\u00f6lt a n\u0151i er\u0151 \u00e9s gyeng\u00e9ds\u00e9g k\u00f6z\u00f6tti egyens\u00faly, ami hi\u00e1nyzott bel\u0151lem, mivel mindig is er\u0151s szem\u00e9ly voltam, t\u00falnyom\u00f3r\u00e9szt f\u00e9rfias energi\u00e1val.<\/span><\/p>\n<h5><span style=\"color: #000080;\"><strong>N\u00f6v\u00e9nyi Di\u00e9t\u00e1k \u00e9s \u0150si Gy\u00f3gy\u00e1szat<img loading=\"lazy\" decoding=\"async\" class=\"size-thumbnail wp-image-1745 alignright\" src=\"http:\/\/chatwithyourpet.net\/wp-content\/uploads\/2024\/08\/Novenyi-furdo-150x150.jpg\" alt=\"\" width=\"150\" height=\"150\" srcset=\"https:\/\/chatwithyourpet.net\/wp-content\/uploads\/2024\/08\/Novenyi-furdo-150x150.jpg 150w, https:\/\/chatwithyourpet.net\/wp-content\/uploads\/2024\/08\/Novenyi-furdo-85x85.jpg 85w, https:\/\/chatwithyourpet.net\/wp-content\/uploads\/2024\/08\/Novenyi-furdo-80x80.jpg 80w\" sizes=\"auto, (max-width:767px) 150px, 150px\" \/><\/strong><\/span><\/h5>\n<p><span style=\"color: #000080;\">Az els\u0151 tal\u00e1lkoz\u00e1sunk alkalm\u00e1val ez a s\u00e1m\u00e1nn\u0151 megh\u00edvott, hogy n\u00f6v\u00e9nyeket di\u00e9t\u00e1ljak a perui dzsungelben. N\u00f6v\u00e9nyeket di\u00e9t\u00e1lni? Ebben a gyakorlatban szigor\u00fa \u00e9trendet k\u00f6vet\u00fcnk\u2014s\u00f3, cukor, tejterm\u00e9kek, v\u00f6r\u00f6s h\u00fas, citrusf\u00e9l\u00e9k vagy f\u0171szerek n\u00e9lk\u00fcl\u2014mik\u00f6zben a n\u00f6v\u00e9nyek vir\u00e1gait, leveleit vagy k\u00e9rg\u00e9t fogyasztjuk, hogy felsz\u00edvjuk szellem\u00fcket. 2023 v\u00e9g\u00e9n Peruba utaztam, hogy v\u00e9gigcsin\u00e1ljam ezt a di\u00e9t\u00e1t, t\u00f6bb ayahuasca szertart\u00e1ssal \u00e9s k\u00fcl\u00f6nb\u00f6z\u0151 tiszt\u00edt\u00e1ssal, bele\u00e9rtve a kamb\u00f3t. Ezek a k\u00e9t h\u00e9t m\u00e9lyrehat\u00f3an \u00e1talak\u00edtott\u00e1k az \u00e9letemet. Az Ayahuasca anya megmutatta a c\u00e9lomat: k\u00f6vetni az \u0151si gy\u00f3gy\u00edt\u00f3 \u00fatj\u00e1t. El\u0151sz\u00f6r k\u00e9telkedtem\u2014\u00e9n, egy feh\u00e9r eur\u00f3pai n\u0151, gy\u00f3gy\u00edt\u00f3v\u00e1 v\u00e1lni?\u2014de az ayahuasca megmutatta, hogy az eredet \u00e9s a b\u0151rsz\u00edn nem sz\u00e1m\u00edt; ami fontos, az az, ami benned van, a lelked. Ha az Ayahuasca anya t\u00e9ged v\u00e1laszt, annak oka van, \u00e9s k\u00f6vetni kell ezt a h\u00edv\u00e1st.<\/span><\/p>\n<h5><span style=\"color: #000080;\"><strong>Kambo: Egy Er\u0151teljes \u0150si Gy\u00f3gyszer<\/strong><\/span><\/h5>\n<p><span style=\"color: #000080;\">A kambo, m\u00e1s n\u00e9ven a dzsungelvakcina, egy \u0151si gy\u00f3gyszer, amelyet a <em>Phyllomedusa bicolor<\/em> b\u00e9ka, m\u00e1s n\u00e9ven \u00f3ri\u00e1smajom b\u00e9ka v\u00e1lad\u00e9k\u00e1b\u00f3l nyernek. Az Amazonas es\u0151erd\u0151ib\u0151l sz\u00e1rmazik, \u00e9s kis \u00e9gett pontokban alkalmazz\u00e1k a b\u0151r\u00f6n, hogy a test felsz\u00edvja. A kambo h\u00edres er\u0151teljes tiszt\u00edt\u00f3 hat\u00e1sair\u00f3l fizikai, ment\u00e1lis \u00e9s energetikai szinten, seg\u00edtve a toxinok elt\u00e1vol\u00edt\u00e1s\u00e1t, az immunrendszer meger\u0151s\u00edt\u00e9s\u00e9t \u00e9s a stagn\u00e1l\u00f3 \u00e9rzelmek felszabad\u00edt\u00e1s\u00e1t, \u00edgy el\u0151k\u00e9sz\u00edtve a testet \u00e9s az elm\u00e9t a nagyobb tiszt\u00e1nl\u00e1t\u00e1sra \u00e9s spiritu\u00e1lis egyens\u00falyra.<\/span><\/p>\n<h5><span style=\"color: #000080;\"><strong>Az Utam Mint Gy\u00f3gy\u00edt\u00f3<\/strong><\/span><\/h5>\n<p><span style=\"color: #000080;\">Az\u00f3ta tov\u00e1bbra is az utamat k\u00f6vetem, mint gy\u00f3gy\u00edt\u00f3 n\u0151. Ayahuasca szertart\u00e1sokat vezetek, kambo tiszt\u00edt\u00e1st alkalmazok, \u00e9s tov\u00e1bbra is tanulok Peruban \u00e9s Kolumbi\u00e1ban, megosztva azokat, amiket megtanultam, azokkal, akik seg\u00edts\u00e9get vagy \u00faj utat keresnek a gy\u00f3gyul\u00e1si folyamatukban.<\/span><\/p>\n<p><span style=\"color: #000080;\"><img loading=\"lazy\" decoding=\"async\" class=\"size-thumbnail wp-image-1734 alignleft\" src=\"http:\/\/chatwithyourpet.net\/wp-content\/uploads\/2024\/08\/Samanikus-neonfestmeny-150x150.jpg\" alt=\"\" width=\"150\" height=\"150\" srcset=\"https:\/\/chatwithyourpet.net\/wp-content\/uploads\/2024\/08\/Samanikus-neonfestmeny-150x150.jpg 150w, https:\/\/chatwithyourpet.net\/wp-content\/uploads\/2024\/08\/Samanikus-neonfestmeny-85x85.jpg 85w, https:\/\/chatwithyourpet.net\/wp-content\/uploads\/2024\/08\/Samanikus-neonfestmeny-80x80.jpg 80w\" sizes=\"auto, (max-width:767px) 150px, 150px\" \/> <img loading=\"lazy\" decoding=\"async\" class=\"size-thumbnail wp-image-1733 alignleft\" src=\"http:\/\/chatwithyourpet.net\/wp-content\/uploads\/2024\/08\/Samanikus-festmeny-150x150.jpg\" alt=\"\" width=\"150\" height=\"150\" srcset=\"https:\/\/chatwithyourpet.net\/wp-content\/uploads\/2024\/08\/Samanikus-festmeny-150x150.jpg 150w, https:\/\/chatwithyourpet.net\/wp-content\/uploads\/2024\/08\/Samanikus-festmeny-85x85.jpg 85w, https:\/\/chatwithyourpet.net\/wp-content\/uploads\/2024\/08\/Samanikus-festmeny-80x80.jpg 80w\" sizes=\"auto, (max-width:767px) 150px, 150px\" \/> <img loading=\"lazy\" decoding=\"async\" class=\"size-thumbnail wp-image-1746 alignleft\" src=\"http:\/\/chatwithyourpet.net\/wp-content\/uploads\/2024\/08\/Ayahuasca-fozes-150x150.png\" alt=\"\" width=\"150\" height=\"150\" srcset=\"https:\/\/chatwithyourpet.net\/wp-content\/uploads\/2024\/08\/Ayahuasca-fozes-150x150.png 150w, https:\/\/chatwithyourpet.net\/wp-content\/uploads\/2024\/08\/Ayahuasca-fozes-85x85.png 85w, https:\/\/chatwithyourpet.net\/wp-content\/uploads\/2024\/08\/Ayahuasca-fozes-80x80.png 80w\" sizes=\"auto, (max-width:767px) 150px, 150px\" \/> <img loading=\"lazy\" decoding=\"async\" class=\"size-thumbnail wp-image-1723 alignleft\" src=\"http:\/\/chatwithyourpet.net\/wp-content\/uploads\/2024\/08\/Dzsungel-150x150.jpg\" alt=\"\" width=\"150\" height=\"150\" srcset=\"https:\/\/chatwithyourpet.net\/wp-content\/uploads\/2024\/08\/Dzsungel-150x150.jpg 150w, https:\/\/chatwithyourpet.net\/wp-content\/uploads\/2024\/08\/Dzsungel-85x85.jpg 85w, https:\/\/chatwithyourpet.net\/wp-content\/uploads\/2024\/08\/Dzsungel-80x80.jpg 80w\" sizes=\"auto, (max-width:767px) 150px, 150px\" \/><\/span><\/p>\n<p>&nbsp;<\/p>\n<p>&nbsp;<\/p>\n<p>&nbsp;<\/p>\n<p>&nbsp;<\/p>\n<p>&nbsp;<\/p>\n<p><span style=\"color: #000080;\"><strong>Aho!<\/strong><\/span><\/p>\n<p><span style=\"color: #000080;\"><em>A s\u00e1m\u00e1nizmusban az &#8222;Aho&#8221; kimond\u00e1sa az igazs\u00e1g vagy a h\u00e1la megoszt\u00e1sa ut\u00e1n egy m\u00f3dja annak, hogy tisztelj\u00fck a f\u00f6lddel, a szellemekkel \u00e9s a t\u00f6bbi r\u00e9sztvev\u0151vel val\u00f3 kapcsolatot. Ez egy kifejez\u00e9s, amely meger\u0151s\u00edti a kimondott szavak energi\u00e1j\u00e1t \u00e9s erej\u00e9t egy spiritu\u00e1lis kontextusban.<\/em><\/span><\/p>\n","protected":false},"excerpt":{"rendered":"<p>Utam az \u0150si Gy\u00f3gym\u00f3ddal \u00e9s a Lelki Kapcsolattal &nbsp; Kommunik\u00e1ci\u00f3 az \u00c1llatokkal \u00e9s a Spiritu\u00e1lis \u00c9bred\u00e9s Az \u00e1llatokkal val\u00f3 kommunik\u00e1ci\u00f3 nemcsak a sz\u00edvemet nyitotta meg a<span class=\"excerpt-hellip\"> [\u2026]<\/span><\/p>\n","protected":false},"author":1,"featured_media":1734,"parent":0,"menu_order":0,"comment_status":"closed","ping_status":"closed","template":"","meta":{"footnotes":""},"class_list":["post-1757","page","type-page","status-publish","has-post-thumbnail","hentry"],"yoast_head":"<!-- This site is optimized with the Yoast SEO plugin v27.3 - https:\/\/yoast.com\/product\/yoast-seo-wordpress\/ -->\n<title>\u0150si Gy\u00f3gy\u00edt\u00e1s - Chat With Your Pet<\/title>\n<meta name=\"description\" content=\"Fedezd fel az \u0151si gy\u00f3gy\u00edt\u00e1s \u00e1talak\u00edt\u00f3 erej\u00e9t az ayahuasca \u00e9s a kambo seg\u00edts\u00e9g\u00e9vel. Ismerd meg a szent utaz\u00e1s m\u00e9lyrehat\u00f3 \u00e9lm\u00e9nyeit \u00e9s spiritu\u00e1lis n\u00f6veked\u00e9st.\" \/>\n<meta name=\"robots\" content=\"index, follow, max-snippet:-1, max-image-preview:large, max-video-preview:-1\" \/>\n<link rel=\"canonical\" href=\"https:\/\/chatwithyourpet.net\/hu\/osi-gyogyitas-utja\/\" \/>\n<meta property=\"og:locale\" content=\"hu_HU\" \/>\n<meta property=\"og:type\" content=\"article\" \/>\n<meta property=\"og:title\" content=\"\u0150si Gy\u00f3gy\u00edt\u00e1s - Chat With Your Pet\" \/>\n<meta property=\"og:description\" content=\"Fedezd fel az \u0151si gy\u00f3gy\u00edt\u00e1s \u00e1talak\u00edt\u00f3 erej\u00e9t az ayahuasca \u00e9s a kambo seg\u00edts\u00e9g\u00e9vel. Ismerd meg a szent utaz\u00e1s m\u00e9lyrehat\u00f3 \u00e9lm\u00e9nyeit \u00e9s spiritu\u00e1lis n\u00f6veked\u00e9st.\" \/>\n<meta property=\"og:url\" content=\"https:\/\/chatwithyourpet.net\/hu\/osi-gyogyitas-utja\/\" \/>\n<meta property=\"og:site_name\" content=\"Chat With Your Pet\" \/>\n<meta property=\"article:publisher\" content=\"https:\/\/www.facebook.com\/ChatWithYourPetAnimalCommunication\" \/>\n<meta property=\"og:image\" content=\"https:\/\/chatwithyourpet.net\/wp-content\/uploads\/2024\/08\/Samanikus-neonfestmeny-scaled.jpg\" \/>\n\t<meta property=\"og:image:width\" content=\"1920\" \/>\n\t<meta property=\"og:image:height\" content=\"2560\" \/>\n\t<meta property=\"og:image:type\" content=\"image\/jpeg\" \/>\n<meta name=\"twitter:card\" content=\"summary_large_image\" \/>\n<meta name=\"twitter:label1\" content=\"Becs\u00fclt olvas\u00e1si id\u0151\" \/>\n\t<meta name=\"twitter:data1\" content=\"5 perc\" \/>\n<script type=\"application\/ld+json\" class=\"yoast-schema-graph\">{\"@context\":\"https:\\\/\\\/schema.org\",\"@graph\":[{\"@type\":\"WebPage\",\"@id\":\"https:\\\/\\\/chatwithyourpet.net\\\/hu\\\/osi-gyogyitas-utja\\\/\",\"url\":\"https:\\\/\\\/chatwithyourpet.net\\\/hu\\\/osi-gyogyitas-utja\\\/\",\"name\":\"\u0150si Gy\u00f3gy\u00edt\u00e1s - Chat With Your Pet\",\"isPartOf\":{\"@id\":\"https:\\\/\\\/chatwithyourpet.net\\\/#website\"},\"primaryImageOfPage\":{\"@id\":\"https:\\\/\\\/chatwithyourpet.net\\\/hu\\\/osi-gyogyitas-utja\\\/#primaryimage\"},\"image\":{\"@id\":\"https:\\\/\\\/chatwithyourpet.net\\\/hu\\\/osi-gyogyitas-utja\\\/#primaryimage\"},\"thumbnailUrl\":\"https:\\\/\\\/chatwithyourpet.net\\\/wp-content\\\/uploads\\\/2024\\\/08\\\/Samanikus-neonfestmeny-scaled.jpg\",\"datePublished\":\"2024-08-24T22:47:43+00:00\",\"description\":\"Fedezd fel az \u0151si gy\u00f3gy\u00edt\u00e1s \u00e1talak\u00edt\u00f3 erej\u00e9t az ayahuasca \u00e9s a kambo seg\u00edts\u00e9g\u00e9vel. Ismerd meg a szent utaz\u00e1s m\u00e9lyrehat\u00f3 \u00e9lm\u00e9nyeit \u00e9s spiritu\u00e1lis n\u00f6veked\u00e9st.\",\"breadcrumb\":{\"@id\":\"https:\\\/\\\/chatwithyourpet.net\\\/hu\\\/osi-gyogyitas-utja\\\/#breadcrumb\"},\"inLanguage\":\"hu\",\"potentialAction\":[{\"@type\":\"ReadAction\",\"target\":[\"https:\\\/\\\/chatwithyourpet.net\\\/hu\\\/osi-gyogyitas-utja\\\/\"]}]},{\"@type\":\"ImageObject\",\"inLanguage\":\"hu\",\"@id\":\"https:\\\/\\\/chatwithyourpet.net\\\/hu\\\/osi-gyogyitas-utja\\\/#primaryimage\",\"url\":\"https:\\\/\\\/chatwithyourpet.net\\\/wp-content\\\/uploads\\\/2024\\\/08\\\/Samanikus-neonfestmeny-scaled.jpg\",\"contentUrl\":\"https:\\\/\\\/chatwithyourpet.net\\\/wp-content\\\/uploads\\\/2024\\\/08\\\/Samanikus-neonfestmeny-scaled.jpg\",\"width\":1920,\"height\":2560},{\"@type\":\"BreadcrumbList\",\"@id\":\"https:\\\/\\\/chatwithyourpet.net\\\/hu\\\/osi-gyogyitas-utja\\\/#breadcrumb\",\"itemListElement\":[{\"@type\":\"ListItem\",\"position\":1,\"name\":\"Home\",\"item\":\"https:\\\/\\\/chatwithyourpet.net\\\/\"},{\"@type\":\"ListItem\",\"position\":2,\"name\":\"\u0150si Gy\u00f3gy\u00edt\u00e1s\"}]},{\"@type\":\"WebSite\",\"@id\":\"https:\\\/\\\/chatwithyourpet.net\\\/#website\",\"url\":\"https:\\\/\\\/chatwithyourpet.net\\\/\",\"name\":\"Chat With Your Pet\",\"description\":\"Animal Communication, an interpreter between you and your animal.\",\"publisher\":{\"@id\":\"https:\\\/\\\/chatwithyourpet.net\\\/#\\\/schema\\\/person\\\/c1bd82d29d74ecaac6101082a06edeac\"},\"potentialAction\":[{\"@type\":\"SearchAction\",\"target\":{\"@type\":\"EntryPoint\",\"urlTemplate\":\"https:\\\/\\\/chatwithyourpet.net\\\/?s={search_term_string}\"},\"query-input\":{\"@type\":\"PropertyValueSpecification\",\"valueRequired\":true,\"valueName\":\"search_term_string\"}}],\"inLanguage\":\"hu\"},{\"@type\":[\"Person\",\"Organization\"],\"@id\":\"https:\\\/\\\/chatwithyourpet.net\\\/#\\\/schema\\\/person\\\/c1bd82d29d74ecaac6101082a06edeac\",\"name\":\"PetLover\",\"image\":{\"@type\":\"ImageObject\",\"inLanguage\":\"hu\",\"@id\":\"http:\\\/\\\/chatwithyourpet.net\\\/wp-content\\\/uploads\\\/2017\\\/06\\\/CWP_logo_retina.png\",\"url\":\"http:\\\/\\\/chatwithyourpet.net\\\/wp-content\\\/uploads\\\/2017\\\/06\\\/CWP_logo_retina.png\",\"contentUrl\":\"http:\\\/\\\/chatwithyourpet.net\\\/wp-content\\\/uploads\\\/2017\\\/06\\\/CWP_logo_retina.png\",\"width\":353,\"height\":292,\"caption\":\"PetLover\"},\"logo\":{\"@id\":\"http:\\\/\\\/chatwithyourpet.net\\\/wp-content\\\/uploads\\\/2017\\\/06\\\/CWP_logo_retina.png\"},\"sameAs\":[\"https:\\\/\\\/www.facebook.com\\\/ChatWithYourPetAnimalCommunication\"]}]}<\/script>\n<!-- \/ Yoast SEO plugin. -->","yoast_head_json":{"title":"\u0150si Gy\u00f3gy\u00edt\u00e1s - Chat With Your Pet","description":"Fedezd fel az \u0151si gy\u00f3gy\u00edt\u00e1s \u00e1talak\u00edt\u00f3 erej\u00e9t az ayahuasca \u00e9s a kambo seg\u00edts\u00e9g\u00e9vel. Ismerd meg a szent utaz\u00e1s m\u00e9lyrehat\u00f3 \u00e9lm\u00e9nyeit \u00e9s spiritu\u00e1lis n\u00f6veked\u00e9st.","robots":{"index":"index","follow":"follow","max-snippet":"max-snippet:-1","max-image-preview":"max-image-preview:large","max-video-preview":"max-video-preview:-1"},"canonical":"https:\/\/chatwithyourpet.net\/hu\/osi-gyogyitas-utja\/","og_locale":"hu_HU","og_type":"article","og_title":"\u0150si Gy\u00f3gy\u00edt\u00e1s - Chat With Your Pet","og_description":"Fedezd fel az \u0151si gy\u00f3gy\u00edt\u00e1s \u00e1talak\u00edt\u00f3 erej\u00e9t az ayahuasca \u00e9s a kambo seg\u00edts\u00e9g\u00e9vel. Ismerd meg a szent utaz\u00e1s m\u00e9lyrehat\u00f3 \u00e9lm\u00e9nyeit \u00e9s spiritu\u00e1lis n\u00f6veked\u00e9st.","og_url":"https:\/\/chatwithyourpet.net\/hu\/osi-gyogyitas-utja\/","og_site_name":"Chat With Your Pet","article_publisher":"https:\/\/www.facebook.com\/ChatWithYourPetAnimalCommunication","og_image":[{"width":1920,"height":2560,"url":"https:\/\/chatwithyourpet.net\/wp-content\/uploads\/2024\/08\/Samanikus-neonfestmeny-scaled.jpg","type":"image\/jpeg"}],"twitter_card":"summary_large_image","twitter_misc":{"Becs\u00fclt olvas\u00e1si id\u0151":"5 perc"},"schema":{"@context":"https:\/\/schema.org","@graph":[{"@type":"WebPage","@id":"https:\/\/chatwithyourpet.net\/hu\/osi-gyogyitas-utja\/","url":"https:\/\/chatwithyourpet.net\/hu\/osi-gyogyitas-utja\/","name":"\u0150si Gy\u00f3gy\u00edt\u00e1s - Chat With Your Pet","isPartOf":{"@id":"https:\/\/chatwithyourpet.net\/#website"},"primaryImageOfPage":{"@id":"https:\/\/chatwithyourpet.net\/hu\/osi-gyogyitas-utja\/#primaryimage"},"image":{"@id":"https:\/\/chatwithyourpet.net\/hu\/osi-gyogyitas-utja\/#primaryimage"},"thumbnailUrl":"https:\/\/chatwithyourpet.net\/wp-content\/uploads\/2024\/08\/Samanikus-neonfestmeny-scaled.jpg","datePublished":"2024-08-24T22:47:43+00:00","description":"Fedezd fel az \u0151si gy\u00f3gy\u00edt\u00e1s \u00e1talak\u00edt\u00f3 erej\u00e9t az ayahuasca \u00e9s a kambo seg\u00edts\u00e9g\u00e9vel. Ismerd meg a szent utaz\u00e1s m\u00e9lyrehat\u00f3 \u00e9lm\u00e9nyeit \u00e9s spiritu\u00e1lis n\u00f6veked\u00e9st.","breadcrumb":{"@id":"https:\/\/chatwithyourpet.net\/hu\/osi-gyogyitas-utja\/#breadcrumb"},"inLanguage":"hu","potentialAction":[{"@type":"ReadAction","target":["https:\/\/chatwithyourpet.net\/hu\/osi-gyogyitas-utja\/"]}]},{"@type":"ImageObject","inLanguage":"hu","@id":"https:\/\/chatwithyourpet.net\/hu\/osi-gyogyitas-utja\/#primaryimage","url":"https:\/\/chatwithyourpet.net\/wp-content\/uploads\/2024\/08\/Samanikus-neonfestmeny-scaled.jpg","contentUrl":"https:\/\/chatwithyourpet.net\/wp-content\/uploads\/2024\/08\/Samanikus-neonfestmeny-scaled.jpg","width":1920,"height":2560},{"@type":"BreadcrumbList","@id":"https:\/\/chatwithyourpet.net\/hu\/osi-gyogyitas-utja\/#breadcrumb","itemListElement":[{"@type":"ListItem","position":1,"name":"Home","item":"https:\/\/chatwithyourpet.net\/"},{"@type":"ListItem","position":2,"name":"\u0150si Gy\u00f3gy\u00edt\u00e1s"}]},{"@type":"WebSite","@id":"https:\/\/chatwithyourpet.net\/#website","url":"https:\/\/chatwithyourpet.net\/","name":"Chat With Your Pet","description":"Animal Communication, an interpreter between you and your animal.","publisher":{"@id":"https:\/\/chatwithyourpet.net\/#\/schema\/person\/c1bd82d29d74ecaac6101082a06edeac"},"potentialAction":[{"@type":"SearchAction","target":{"@type":"EntryPoint","urlTemplate":"https:\/\/chatwithyourpet.net\/?s={search_term_string}"},"query-input":{"@type":"PropertyValueSpecification","valueRequired":true,"valueName":"search_term_string"}}],"inLanguage":"hu"},{"@type":["Person","Organization"],"@id":"https:\/\/chatwithyourpet.net\/#\/schema\/person\/c1bd82d29d74ecaac6101082a06edeac","name":"PetLover","image":{"@type":"ImageObject","inLanguage":"hu","@id":"http:\/\/chatwithyourpet.net\/wp-content\/uploads\/2017\/06\/CWP_logo_retina.png","url":"http:\/\/chatwithyourpet.net\/wp-content\/uploads\/2017\/06\/CWP_logo_retina.png","contentUrl":"http:\/\/chatwithyourpet.net\/wp-content\/uploads\/2017\/06\/CWP_logo_retina.png","width":353,"height":292,"caption":"PetLover"},"logo":{"@id":"http:\/\/chatwithyourpet.net\/wp-content\/uploads\/2017\/06\/CWP_logo_retina.png"},"sameAs":["https:\/\/www.facebook.com\/ChatWithYourPetAnimalCommunication"]}]}},"_links":{"self":[{"href":"https:\/\/chatwithyourpet.net\/hu\/wp-json\/wp\/v2\/pages\/1757","targetHints":{"allow":["GET"]}}],"collection":[{"href":"https:\/\/chatwithyourpet.net\/hu\/wp-json\/wp\/v2\/pages"}],"about":[{"href":"https:\/\/chatwithyourpet.net\/hu\/wp-json\/wp\/v2\/types\/page"}],"author":[{"embeddable":true,"href":"https:\/\/chatwithyourpet.net\/hu\/wp-json\/wp\/v2\/users\/1"}],"replies":[{"embeddable":true,"href":"https:\/\/chatwithyourpet.net\/hu\/wp-json\/wp\/v2\/comments?post=1757"}],"version-history":[{"count":0,"href":"https:\/\/chatwithyourpet.net\/hu\/wp-json\/wp\/v2\/pages\/1757\/revisions"}],"wp:featuredmedia":[{"embeddable":true,"href":"https:\/\/chatwithyourpet.net\/hu\/wp-json\/wp\/v2\/media\/1734"}],"wp:attachment":[{"href":"https:\/\/chatwithyourpet.net\/hu\/wp-json\/wp\/v2\/media?parent=1757"}],"curies":[{"name":"wp","href":"https:\/\/api.w.org\/{rel}","templated":true}]}}