{"id":272,"date":"2017-06-12T23:43:22","date_gmt":"2017-06-12T23:43:22","guid":{"rendered":"http:\/\/chatwithyourpet.net\/?page_id=272\/"},"modified":"2024-09-09T14:13:40","modified_gmt":"2024-09-09T19:13:40","slug":"nyito-oldal","status":"publish","type":"page","link":"https:\/\/chatwithyourpet.net\/hu\/","title":{"rendered":"Nyit\u00f3 oldal"},"content":{"rendered":"","protected":false},"excerpt":{"rendered":"","protected":false},"author":1,"featured_media":0,"parent":0,"menu_order":0,"comment_status":"closed","ping_status":"open","template":"","meta":{"footnotes":""},"class_list":["post-272","page","type-page","status-publish","hentry"],"yoast_head":"<!-- This site is optimized with the Yoast SEO plugin v27.3 - https:\/\/yoast.com\/product\/yoast-seo-wordpress\/ -->\n<title>Chat With Your Pet - \u00c1llat kommunik\u00e1ci\u00f3 4 k\u00fcl\u00f6nb\u00f6z\u0151 nyelven<\/title>\n<meta name=\"description\" content=\"4 k\u00fcl\u00f6nb\u00f6z\u0151 nyelven folytatott \u00c1llat kommunik\u00e1ci\u00f3 veled \u00e9s a kedvenceddel.\" \/>\n<meta name=\"robots\" content=\"index, follow, max-snippet:-1, max-image-preview:large, max-video-preview:-1\" \/>\n<link rel=\"canonical\" href=\"https:\/\/chatwithyourpet.net\/\" \/>\n<meta property=\"og:locale\" content=\"hu_HU\" \/>\n<meta property=\"og:type\" content=\"article\" \/>\n<meta property=\"og:title\" content=\"Chat With Your Pet - \u00c1llat kommunik\u00e1ci\u00f3 4 k\u00fcl\u00f6nb\u00f6z\u0151 nyelven\" \/>\n<meta property=\"og:description\" content=\"4 k\u00fcl\u00f6nb\u00f6z\u0151 nyelven folytatott \u00c1llat kommunik\u00e1ci\u00f3 veled \u00e9s a kedvenceddel.\" \/>\n<meta property=\"og:url\" content=\"https:\/\/chatwithyourpet.net\/\" \/>\n<meta property=\"og:site_name\" content=\"Chat With Your Pet\" \/>\n<meta property=\"article:publisher\" content=\"https:\/\/www.facebook.com\/ChatWithYourPetAnimalCommunication\" \/>\n<meta property=\"article:modified_time\" content=\"2024-09-09T19:13:40+00:00\" \/>\n<meta property=\"og:image\" content=\"http:\/\/chatwithyourpet.net\/wp-content\/uploads\/2017\/06\/CWP_logo_retina.png\" \/>\n<meta name=\"twitter:card\" content=\"summary_large_image\" \/>\n<script type=\"application\/ld+json\" class=\"yoast-schema-graph\">{\"@context\":\"https:\\\/\\\/schema.org\",\"@graph\":[{\"@type\":\"WebPage\",\"@id\":\"https:\\\/\\\/chatwithyourpet.net\\\/\",\"url\":\"https:\\\/\\\/chatwithyourpet.net\\\/\",\"name\":\"Chat With Your Pet - \u00c1llat kommunik\u00e1ci\u00f3 4 k\u00fcl\u00f6nb\u00f6z\u0151 nyelven\",\"isPartOf\":{\"@id\":\"https:\\\/\\\/chatwithyourpet.net\\\/#website\"},\"datePublished\":\"2017-06-12T23:43:22+00:00\",\"dateModified\":\"2024-09-09T19:13:40+00:00\",\"description\":\"4 k\u00fcl\u00f6nb\u00f6z\u0151 nyelven folytatott \u00c1llat kommunik\u00e1ci\u00f3 veled \u00e9s a kedvenceddel.\",\"breadcrumb\":{\"@id\":\"https:\\\/\\\/chatwithyourpet.net\\\/#breadcrumb\"},\"inLanguage\":\"hu\",\"potentialAction\":[{\"@type\":\"ReadAction\",\"target\":[\"https:\\\/\\\/chatwithyourpet.net\\\/\"]}]},{\"@type\":\"BreadcrumbList\",\"@id\":\"https:\\\/\\\/chatwithyourpet.net\\\/#breadcrumb\",\"itemListElement\":[{\"@type\":\"ListItem\",\"position\":1,\"name\":\"Home\",\"item\":\"https:\\\/\\\/chatwithyourpet.net\\\/\"},{\"@type\":\"ListItem\",\"position\":2,\"name\":\"Nyit\u00f3 oldal\"}]},{\"@type\":\"WebSite\",\"@id\":\"https:\\\/\\\/chatwithyourpet.net\\\/#website\",\"url\":\"https:\\\/\\\/chatwithyourpet.net\\\/\",\"name\":\"Chat With Your Pet\",\"description\":\"Animal Communication, an interpreter between you and your animal.\",\"publisher\":{\"@id\":\"https:\\\/\\\/chatwithyourpet.net\\\/#\\\/schema\\\/person\\\/c1bd82d29d74ecaac6101082a06edeac\"},\"potentialAction\":[{\"@type\":\"SearchAction\",\"target\":{\"@type\":\"EntryPoint\",\"urlTemplate\":\"https:\\\/\\\/chatwithyourpet.net\\\/?s={search_term_string}\"},\"query-input\":{\"@type\":\"PropertyValueSpecification\",\"valueRequired\":true,\"valueName\":\"search_term_string\"}}],\"inLanguage\":\"hu\"},{\"@type\":[\"Person\",\"Organization\"],\"@id\":\"https:\\\/\\\/chatwithyourpet.net\\\/#\\\/schema\\\/person\\\/c1bd82d29d74ecaac6101082a06edeac\",\"name\":\"PetLover\",\"image\":{\"@type\":\"ImageObject\",\"inLanguage\":\"hu\",\"@id\":\"http:\\\/\\\/chatwithyourpet.net\\\/wp-content\\\/uploads\\\/2017\\\/06\\\/CWP_logo_retina.png\",\"url\":\"http:\\\/\\\/chatwithyourpet.net\\\/wp-content\\\/uploads\\\/2017\\\/06\\\/CWP_logo_retina.png\",\"contentUrl\":\"http:\\\/\\\/chatwithyourpet.net\\\/wp-content\\\/uploads\\\/2017\\\/06\\\/CWP_logo_retina.png\",\"width\":353,\"height\":292,\"caption\":\"PetLover\"},\"logo\":{\"@id\":\"http:\\\/\\\/chatwithyourpet.net\\\/wp-content\\\/uploads\\\/2017\\\/06\\\/CWP_logo_retina.png\"},\"sameAs\":[\"https:\\\/\\\/www.facebook.com\\\/ChatWithYourPetAnimalCommunication\"]}]}<\/script>\n<!-- \/ Yoast SEO plugin. -->","yoast_head_json":{"title":"Chat With Your Pet - \u00c1llat kommunik\u00e1ci\u00f3 4 k\u00fcl\u00f6nb\u00f6z\u0151 nyelven","description":"4 k\u00fcl\u00f6nb\u00f6z\u0151 nyelven folytatott \u00c1llat kommunik\u00e1ci\u00f3 veled \u00e9s a kedvenceddel.","robots":{"index":"index","follow":"follow","max-snippet":"max-snippet:-1","max-image-preview":"max-image-preview:large","max-video-preview":"max-video-preview:-1"},"canonical":"https:\/\/chatwithyourpet.net\/","og_locale":"hu_HU","og_type":"article","og_title":"Chat With Your Pet - \u00c1llat kommunik\u00e1ci\u00f3 4 k\u00fcl\u00f6nb\u00f6z\u0151 nyelven","og_description":"4 k\u00fcl\u00f6nb\u00f6z\u0151 nyelven folytatott \u00c1llat kommunik\u00e1ci\u00f3 veled \u00e9s a kedvenceddel.","og_url":"https:\/\/chatwithyourpet.net\/","og_site_name":"Chat With Your Pet","article_publisher":"https:\/\/www.facebook.com\/ChatWithYourPetAnimalCommunication","article_modified_time":"2024-09-09T19:13:40+00:00","og_image":[{"url":"http:\/\/chatwithyourpet.net\/wp-content\/uploads\/2017\/06\/CWP_logo_retina.png","type":"","width":"","height":""}],"twitter_card":"summary_large_image","schema":{"@context":"https:\/\/schema.org","@graph":[{"@type":"WebPage","@id":"https:\/\/chatwithyourpet.net\/","url":"https:\/\/chatwithyourpet.net\/","name":"Chat With Your Pet - \u00c1llat kommunik\u00e1ci\u00f3 4 k\u00fcl\u00f6nb\u00f6z\u0151 nyelven","isPartOf":{"@id":"https:\/\/chatwithyourpet.net\/#website"},"datePublished":"2017-06-12T23:43:22+00:00","dateModified":"2024-09-09T19:13:40+00:00","description":"4 k\u00fcl\u00f6nb\u00f6z\u0151 nyelven folytatott \u00c1llat kommunik\u00e1ci\u00f3 veled \u00e9s a kedvenceddel.","breadcrumb":{"@id":"https:\/\/chatwithyourpet.net\/#breadcrumb"},"inLanguage":"hu","potentialAction":[{"@type":"ReadAction","target":["https:\/\/chatwithyourpet.net\/"]}]},{"@type":"BreadcrumbList","@id":"https:\/\/chatwithyourpet.net\/#breadcrumb","itemListElement":[{"@type":"ListItem","position":1,"name":"Home","item":"https:\/\/chatwithyourpet.net\/"},{"@type":"ListItem","position":2,"name":"Nyit\u00f3 oldal"}]},{"@type":"WebSite","@id":"https:\/\/chatwithyourpet.net\/#website","url":"https:\/\/chatwithyourpet.net\/","name":"Chat With Your Pet","description":"Animal Communication, an interpreter between you and your animal.","publisher":{"@id":"https:\/\/chatwithyourpet.net\/#\/schema\/person\/c1bd82d29d74ecaac6101082a06edeac"},"potentialAction":[{"@type":"SearchAction","target":{"@type":"EntryPoint","urlTemplate":"https:\/\/chatwithyourpet.net\/?s={search_term_string}"},"query-input":{"@type":"PropertyValueSpecification","valueRequired":true,"valueName":"search_term_string"}}],"inLanguage":"hu"},{"@type":["Person","Organization"],"@id":"https:\/\/chatwithyourpet.net\/#\/schema\/person\/c1bd82d29d74ecaac6101082a06edeac","name":"PetLover","image":{"@type":"ImageObject","inLanguage":"hu","@id":"http:\/\/chatwithyourpet.net\/wp-content\/uploads\/2017\/06\/CWP_logo_retina.png","url":"http:\/\/chatwithyourpet.net\/wp-content\/uploads\/2017\/06\/CWP_logo_retina.png","contentUrl":"http:\/\/chatwithyourpet.net\/wp-content\/uploads\/2017\/06\/CWP_logo_retina.png","width":353,"height":292,"caption":"PetLover"},"logo":{"@id":"http:\/\/chatwithyourpet.net\/wp-content\/uploads\/2017\/06\/CWP_logo_retina.png"},"sameAs":["https:\/\/www.facebook.com\/ChatWithYourPetAnimalCommunication"]}]}},"_links":{"self":[{"href":"https:\/\/chatwithyourpet.net\/hu\/wp-json\/wp\/v2\/pages\/272","targetHints":{"allow":["GET"]}}],"collection":[{"href":"https:\/\/chatwithyourpet.net\/hu\/wp-json\/wp\/v2\/pages"}],"about":[{"href":"https:\/\/chatwithyourpet.net\/hu\/wp-json\/wp\/v2\/types\/page"}],"author":[{"embeddable":true,"href":"https:\/\/chatwithyourpet.net\/hu\/wp-json\/wp\/v2\/users\/1"}],"replies":[{"embeddable":true,"href":"https:\/\/chatwithyourpet.net\/hu\/wp-json\/wp\/v2\/comments?post=272"}],"version-history":[{"count":0,"href":"https:\/\/chatwithyourpet.net\/hu\/wp-json\/wp\/v2\/pages\/272\/revisions"}],"wp:attachment":[{"href":"https:\/\/chatwithyourpet.net\/hu\/wp-json\/wp\/v2\/media?parent=272"}],"curies":[{"name":"wp","href":"https:\/\/api.w.org\/{rel}","templated":true}]}}